{"id":345,"date":"2016-01-11T17:39:49","date_gmt":"2016-01-11T16:39:49","guid":{"rendered":"http:\/\/www.poledancehalle.de\/ariaarte\/?page_id=345"},"modified":"2025-08-15T10:35:06","modified_gmt":"2025-08-15T08:35:06","slug":"impressum","status":"publish","type":"page","link":"https:\/\/www.poledancehalle.de\/ariaarte\/impressum\/","title":{"rendered":"Impressum"},"content":{"rendered":"<p><strong>Impressum<\/strong><\/p>\n<p>Sandra &amp; Marco Schlichting GbR<br \/>\nGro\u00dfe Ulrichstra\u00dfe 17<br \/>\n06108 Halle<br \/>\nGermany<\/p>\n<p>E-Mail: <a href=\"..\/#section-kontakt\">info@aria-arte.de<\/a><br \/>\nTelefon: +49 345 135 076 18<\/p>\n<p>Umsatzsteueridentifikationsnummer: DE 296 867 314<\/p>\n<p>aria arte\u00a0ist eine beim Deutschen Patent- und Markenamt Jena eingetragene Marke. Eine Benutzung dieser Marke ist Dritten untersagt und erfordert eine ausdr\u00fcckliche, schriftliche Genehmigung von Studio aria arte GbR.<\/p>\n<p>Sollte der Inhalt oder die Aufmachung dieser Webseite gesetzliche Bestimmungen oder Rechte Dritter verletzen, bitten wir um eine <a href=\"..\/#section-kontakt\">entsprechende Nachricht<\/a>. Es wird versichert, dass zu Recht beanstandete Passagen unverz\u00fcglich entfernt oder berichtigt werden.<\/p>\n<p><strong>Haftungsausschluss<\/strong><br \/>\nWir \u00fcbernehmen keinerlei Gew\u00e4hr f\u00fcr die Aktualit\u00e4t, Korrektheit, Vollst\u00e4ndigkeit oder Qualit\u00e4t der bereitgestellten Informationen. Haftungsanspr\u00fcche gegen uns, welche sich auf Sch\u00e4den materieller oder ideeller Art beziehen, die durch die Nutzung oder Nichtnutzung der dargebotenen Informationen bzw. durch die Nutzung fehlerhafter und unvollst\u00e4ndiger Informationen verursacht wurden, sind grunds\u00e4tzlich ausgeschlossen, sofern unsererseits kein nachweislich vors\u00e4tzliches oder grob fahrl\u00e4ssiges Verschulden vorliegt. Alle Angebote sind freibleibend und unverbindlich. Wir behalten es uns ausdr\u00fccklich vor, Teile der Seiten oder das gesamte Angebot ohne gesonderte Ank\u00fcndigung zu ver\u00e4ndern, zu l\u00f6schen oder die Ver\u00f6ffentlichung zeitweise oder endg\u00fcltig einzustellen.<\/p>\n<p><strong>Verweise und Links<\/strong><br \/>\nBei direkten oder indirekten Verweisen auf fremde Webseiten (&#8222;Hyperlinks&#8220;), die au\u00dferhalb unseres Verantwortungsbereiches liegen, w\u00fcrde eine Haftungsverpflichtung ausschlie\u00dflich in dem Fall in Kraft treten, in dem wir von den Inhalten Kenntnis haben und es uns technisch m\u00f6glich und zumutbar w\u00e4re, die Nutzung im Falle rechtswidriger Inhalte zu verhindern. Wir erkl\u00e4ren hiermit ausdr\u00fccklich, dass zum Zeitpunkt der Linksetzung keine illegalen Inhalte auf den zu verlinkenden Seiten erkennbar waren. Auf die aktuelle und zuk\u00fcnftige Gestaltung, die Inhalte oder die Urheberschaft der verlinkten Seiten haben wir keinerlei Einfluss. Deshalb distanzieren wir uns hiermit ausdr\u00fccklich von allen Inhalten aller verlinkten Seiten, die nach der Linksetzung ver\u00e4ndert wurden. Diese Feststellung gilt f\u00fcr alle innerhalb des eigenen Internetangebotes gesetzten Links und Verweise sowie f\u00fcr Fremdeintr\u00e4ge in von uns eingerichteten Diskussionsforen, Linkverzeichnissen, Mailinglisten und in allen anderen Formen von Datenbanken, auf deren Inhalt externe Schreibzugriffe m\u00f6glich sind. F\u00fcr illegale, fehlerhafte oder unvollst\u00e4ndige Inhalte und insbesondere f\u00fcr Sch\u00e4den, die aus der Nutzung oder Nichtnutzung solcherart dargebotener Informationen entstehen, haftet allein der Anbieter der Seite, auf welche verwiesen wurde, nicht wir, als Betreiber dieser Website, die lediglich \u00fcber Links auf die jeweilige Ver\u00f6ffentlichung verweisen.<\/p>\n<p><a id=\"Datenschutz\" name=\"Datenschutz\"><\/a> <strong>Urheber und Kennzeichenrecht<\/strong><br \/>\nAlle innerhalb des Internetangebotes genannten und ggf. durch Dritte gesch\u00fctzten Marken- und Warenzeichen unterliegen uneingeschr\u00e4nkt den Bestimmungen des jeweils g\u00fcltigen Kennzeichenrechts und den Besitzrechten der jeweiligen eingetragenen Eigent\u00fcmer. Allein aufgrund der blo\u00dfen Nennung ist nicht der Schluss zu ziehen, dass Markenzeichen nicht durch Rechte Dritter gesch\u00fctzt sind. Das Copyright f\u00fcr ver\u00f6ffentlichte, von uns selbst erstellte Objekte (Texte, Grafiken, Fotos usw.) bleibt allein bei uns. Eine Vervielf\u00e4ltigung oder Verwendung solcher Objekte in anderen elektronischen oder gedruckten Publikationen ist ohne unserer ausdr\u00fccklichen und schriftlichen Zustimmung nicht gestattet.<\/p>\n<p><strong>Rechtswirksamkeit<\/strong><br \/>\nDieser Haftungsausschluss ist als Teil dieses und des Internetangebotes zu betrachten, von dem aus auf diese Seite verwiesen wurde. Sofern Teile oder einzelne Formulierungen dieses Textes der geltenden Rechtslage nicht, nicht mehr oder nicht vollst\u00e4ndig entsprechen sollten, bleiben die \u00fcbrigen Teile des Dokuments ihrem Inhalt und ihrer G\u00fcltigkeit davon unber\u00fchrt.<\/p>\n","protected":false},"excerpt":{"rendered":"<p>Impressum Sandra &amp; Marco Schlichting GbR Gro\u00dfe Ulrichstra\u00dfe 17 06108 Halle Germany E-Mail: info@aria-arte.de Telefon: +49 345 135 076 18 Umsatzsteueridentifikationsnummer: DE 296 867 314 aria arte\u00a0ist eine beim Deutschen Patent- und Markenamt Jena eingetragene Marke. Eine Benutzung dieser Marke ist Dritten untersagt und erfordert eine ausdr\u00fcckliche, schriftliche Genehmigung von Studio aria arte GbR. Sollte der Inhalt oder die Aufmachung dieser Webseite gesetzliche Bestimmungen oder Rechte Dritter verletzen, bitten wir um eine entsprechende Nachricht. Es wird versichert, dass zu Recht beanstandete Passagen unverz\u00fcglich entfernt oder berichtigt werden. Haftungsausschluss Wir \u00fcbernehmen keinerlei Gew\u00e4hr f\u00fcr die Aktualit\u00e4t, Korrektheit, Vollst\u00e4ndigkeit oder Qualit\u00e4t der&#8230;<\/p>\n","protected":false},"author":1,"featured_media":0,"parent":0,"menu_order":101,"comment_status":"closed","ping_status":"closed","template":"","meta":{"footnotes":""},"class_list":["post-345","page","type-page","status-publish","hentry"],"_links":{"self":[{"href":"https:\/\/www.poledancehalle.de\/ariaarte\/wp-json\/wp\/v2\/pages\/345","targetHints":{"allow":["GET"]}}],"collection":[{"href":"https:\/\/www.poledancehalle.de\/ariaarte\/wp-json\/wp\/v2\/pages"}],"about":[{"href":"https:\/\/www.poledancehalle.de\/ariaarte\/wp-json\/wp\/v2\/types\/page"}],"author":[{"embeddable":true,"href":"https:\/\/www.poledancehalle.de\/ariaarte\/wp-json\/wp\/v2\/users\/1"}],"replies":[{"embeddable":true,"href":"https:\/\/www.poledancehalle.de\/ariaarte\/wp-json\/wp\/v2\/comments?post=345"}],"version-history":[{"count":3,"href":"https:\/\/www.poledancehalle.de\/ariaarte\/wp-json\/wp\/v2\/pages\/345\/revisions"}],"predecessor-version":[{"id":18885,"href":"https:\/\/www.poledancehalle.de\/ariaarte\/wp-json\/wp\/v2\/pages\/345\/revisions\/18885"}],"wp:attachment":[{"href":"https:\/\/www.poledancehalle.de\/ariaarte\/wp-json\/wp\/v2\/media?parent=345"}],"curies":[{"name":"wp","href":"https:\/\/api.w.org\/{rel}","templated":true}]}}