{"id":35,"date":"2014-10-01T21:18:07","date_gmt":"2014-10-01T21:18:07","guid":{"rendered":""},"modified":"2025-05-28T15:14:25","modified_gmt":"2025-05-28T13:14:25","slug":"kurse","status":"publish","type":"page","link":"https:\/\/www.poledancehalle.de\/ariaarte\/kurse\/","title":{"rendered":"Kurse &#038; FAQ"},"content":{"rendered":"<p class=\"section_heading fxbigheader\"><a name=\"aakurse\"><\/a><\/p>\n<h1 class=\"section_heading\">Dein aktueller Kursplan<\/h1>\n<h3 class=\"section_slogan\"><strong>Du bist neugierig auf Pole Dance und Hoop?<\/strong><br \/>\nLerne die Grundlagen f\u00fcr dein Superheldinnen-Training in unseren Basic-Kursen, bevor du bei uns Level f\u00fcr Level nach oben steigst. Melde dich direkt online an unter <a href=\"https:\/\/backoffice.bsport.io\/m\/aria%20arte\/3778\/\" target=\"_blank\" rel=\"noopener noreferrer\">kurse.ariaarte.com<\/a>. Hier findest du auch deinen aktuellen Kursplan:<br \/>\n<\/h3>\n<div class=\"pam_polaroid\">\n<\/div--> <a href=\"https:\/\/backoffice.bsport.io\/m\/aria%20arte\/3778\/\" target=\"_blank\" rel=\"noopener noreferrer\"><img decoding=\"async\" style=\"width: 100%;\" src=\"https:\/\/www.poledancehalle.de\/ariaarte\/wp-content\/uploads\/2025\/03\/Kursuebersicht_bsports.png\" alt=\"kurse.ariaarte.com\" \/><\/a>\n<\/div>\n<h1 class=\"section_heading fxbigheader\">Deine aria arte-Kursvielfalt<\/h1>\n<div class=\"row blogs-exerpt\"><div class=\"post animated visible blogexerpt \"  data-animation-delay=\"100\" data-animation=\"fadeInLeft\"><div class=\"blog-image\"><img decoding=\"async\" width=\"600\" height=\"350\" src=\"https:\/\/www.poledancehalle.de\/ariaarte\/wp-content\/uploads\/2016\/01\/Hoop_web.jpg\" class=\"attachment-blog-image size-blog-image wp-post-image\" alt=\"\" srcset=\"https:\/\/www.poledancehalle.de\/ariaarte\/wp-content\/uploads\/2016\/01\/Hoop_web.jpg 600w, https:\/\/www.poledancehalle.de\/ariaarte\/wp-content\/uploads\/2016\/01\/Hoop_web-300x175.jpg 300w, https:\/\/www.poledancehalle.de\/ariaarte\/wp-content\/uploads\/2016\/01\/Hoop_web-86x50.jpg 86w, https:\/\/www.poledancehalle.de\/ariaarte\/wp-content\/uploads\/2016\/01\/Hoop_web-137x80.jpg 137w\" sizes=\"(max-width: 600px) 100vw, 600px\" \/><\/div><div class=\"blog-content\"><div class=\"post-content\"><h5>Aerial Hoop<\/h5>Das akrobatische Workout st\u00e4rkt deine gesamte Muskulatur, Balance und K\u00f6rperspannung, w\u00e4hrend du elegant wie ein Zirkusartist im Reifen schwebst. Wir fangen mit Auf- und Abg\u00e4ngen im Hoop an und steigern uns zu tollen Posen, Kombinationen und Rollen. Probier&#8217;s aus und f\u00fchle dich wie ein Kosmonaut in der Schwerelosigkeit!<\/div><\/div><div class=\"clear\"><\/div><\/div><\/div><div class=\"row blogs-exerpt\"><div class=\"post animated visible blogexerpt \"  data-animation-delay=\"100\" data-animation=\"fadeInLeft\"><div class=\"blog-image\"><img decoding=\"async\" width=\"600\" height=\"350\" src=\"https:\/\/www.poledancehalle.de\/ariaarte\/wp-content\/uploads\/2016\/01\/Kids-Teens-Flyer-homepage.jpg\" class=\"attachment-blog-image size-blog-image wp-post-image\" alt=\"\" srcset=\"https:\/\/www.poledancehalle.de\/ariaarte\/wp-content\/uploads\/2016\/01\/Kids-Teens-Flyer-homepage.jpg 600w, https:\/\/www.poledancehalle.de\/ariaarte\/wp-content\/uploads\/2016\/01\/Kids-Teens-Flyer-homepage-300x175.jpg 300w, https:\/\/www.poledancehalle.de\/ariaarte\/wp-content\/uploads\/2016\/01\/Kids-Teens-Flyer-homepage-86x50.jpg 86w, https:\/\/www.poledancehalle.de\/ariaarte\/wp-content\/uploads\/2016\/01\/Kids-Teens-Flyer-homepage-137x80.jpg 137w\" sizes=\"(max-width: 600px) 100vw, 600px\" \/><\/div><div class=\"blog-content\"><div class=\"post-content\"><h5>Fly Kids &#038; Teens<\/h5>Klettern, Toben und Tanzen &#8211; spielerisch lernen Kinder und Jugendliche hier die Grundlagen von Pole Sport, Akrobatik und Tanz. Pole Fitness und Aerial Hoop f\u00fcr Kids &amp; Teens trainiert Kraft, Koordination, Ausdauer und Beweglichkeit &#8211; und macht einfach nur Spa\u00df. Fly Kids ist f\u00fcr alle M\u00e4dchen von 6 bis 9 Jahren, Fly Teens f\u00fcr alle 10- bis 15-J\u00e4hrigen.<\/div><\/div><div class=\"clear\"><\/div><\/div><\/div><div class=\"row blogs-exerpt\"><div class=\"post animated visible blogexerpt \"  data-animation-delay=\"100\" data-animation=\"fadeInLeft\"><div class=\"blog-image\"><img decoding=\"async\" width=\"600\" height=\"350\" src=\"https:\/\/www.poledancehalle.de\/ariaarte\/wp-content\/uploads\/2017\/06\/Pole_Party_web-4.jpg\" class=\"attachment-blog-image size-blog-image wp-post-image\" alt=\"\" srcset=\"https:\/\/www.poledancehalle.de\/ariaarte\/wp-content\/uploads\/2017\/06\/Pole_Party_web-4.jpg 600w, https:\/\/www.poledancehalle.de\/ariaarte\/wp-content\/uploads\/2017\/06\/Pole_Party_web-4-300x175.jpg 300w, https:\/\/www.poledancehalle.de\/ariaarte\/wp-content\/uploads\/2017\/06\/Pole_Party_web-4-86x50.jpg 86w, https:\/\/www.poledancehalle.de\/ariaarte\/wp-content\/uploads\/2017\/06\/Pole_Party_web-4-137x80.jpg 137w\" sizes=\"(max-width: 600px) 100vw, 600px\" \/><\/div><div class=\"blog-content\"><div class=\"post-content\"><h5>Pole Party<\/h5>Das wird euer unvergessliches Erlebnis! Nicht nur zum Junggesellinnenabschied oder Geburtstag: F\u00fcr eine Pole Party braucht es keinen Grund. Neugierig geworden? Erfahre unter party.ariaarte.com mehr \u00fcber unsere Pakete und wie du deine Pole Party buchen kannst. Lass uns gemeinsam deine Feier unvergesslich machen! \ud83c\udf89<\/div><\/div><div class=\"clear\"><\/div><\/div><\/div><div class=\"row blogs-exerpt\"><div class=\"post animated visible blogexerpt \"  data-animation-delay=\"100\" data-animation=\"fadeInLeft\"><div class=\"blog-image\"><img decoding=\"async\" width=\"600\" height=\"350\" src=\"https:\/\/www.poledancehalle.de\/ariaarte\/wp-content\/uploads\/2020\/10\/IMG_1553_600.jpg\" class=\"attachment-blog-image size-blog-image wp-post-image\" alt=\"\" srcset=\"https:\/\/www.poledancehalle.de\/ariaarte\/wp-content\/uploads\/2020\/10\/IMG_1553_600.jpg 600w, https:\/\/www.poledancehalle.de\/ariaarte\/wp-content\/uploads\/2020\/10\/IMG_1553_600-300x175.jpg 300w, https:\/\/www.poledancehalle.de\/ariaarte\/wp-content\/uploads\/2020\/10\/IMG_1553_600-86x50.jpg 86w, https:\/\/www.poledancehalle.de\/ariaarte\/wp-content\/uploads\/2020\/10\/IMG_1553_600-137x80.jpg 137w\" sizes=\"(max-width: 600px) 100vw, 600px\" \/><\/div><div class=\"blog-content\"><div class=\"post-content\"><h5>Privatstunde<\/h5>100% Zeit f\u00fcr dich und deine individuellen Trainingsziele. Ob Pole, Hoop, Silk, Floor, ob neue Tricks &#038; Kombis, deinen Tanz verfeinern, deine eigene Choreo, Wettkampf, Showvorbereitung oder Plateaus \u00fcberwinden. 100% Zeit f\u00fcr dich und deine individuellen F\u00e4higkeiten. Vereinbare einfach individuelle Termine mit uns.<\/div><\/div><div class=\"clear\"><\/div><\/div><\/div><div class=\"row blogs-exerpt\"><div class=\"post animated visible blogexerpt \"  data-animation-delay=\"100\" data-animation=\"fadeInLeft\"><div class=\"blog-image\"><img decoding=\"async\" width=\"600\" height=\"441\" src=\"https:\/\/www.poledancehalle.de\/ariaarte\/wp-content\/uploads\/2014\/10\/Pole_Fit_web2.jpg\" class=\"attachment-blog-image size-blog-image wp-post-image\" alt=\"\" srcset=\"https:\/\/www.poledancehalle.de\/ariaarte\/wp-content\/uploads\/2014\/10\/Pole_Fit_web2.jpg 600w, https:\/\/www.poledancehalle.de\/ariaarte\/wp-content\/uploads\/2014\/10\/Pole_Fit_web2-300x221.jpg 300w, https:\/\/www.poledancehalle.de\/ariaarte\/wp-content\/uploads\/2014\/10\/Pole_Fit_web2-68x50.jpg 68w, https:\/\/www.poledancehalle.de\/ariaarte\/wp-content\/uploads\/2014\/10\/Pole_Fit_web2-109x80.jpg 109w\" sizes=\"(max-width: 600px) 100vw, 600px\" \/><\/div><div class=\"blog-content\"><div class=\"post-content\"><h5>Pole Fit<\/h5>Wenn du die Schwerkraft besiegen m\u00f6chtest, bist du hier genau richtig. Im Pole Basic Kurs beginnst du mit Drehungen, einfachen Figuren und Kombinationen, die du dann im Pole Fit 1* Kurs festigst. Du baust Schritt f\u00fcr Schritt mehr Kraft auf und verbesserst deine Haltung sowie dein K\u00f6rpergef\u00fchl. Ab Level 3* stellen wir alles auf den Kopf mit Kopf\u00fcberfiguren, schwierigen Spins und Kombinationen. Im Level danach wird das Unm\u00f6gliche m\u00f6glich. Viele neue Tricks und coole Kombinationen erwarten dich! Bist du bereit zu fliegen?<\/div><\/div><div class=\"clear\"><\/div><\/div><\/div><div class=\"row blogs-exerpt\"><div class=\"post animated visible blogexerpt \"  data-animation-delay=\"100\" data-animation=\"fadeInLeft\"><div class=\"blog-image\"><img decoding=\"async\" width=\"600\" height=\"350\" src=\"https:\/\/www.poledancehalle.de\/ariaarte\/wp-content\/uploads\/2014\/10\/69AD60D5-D347-4D51-AB7F-DE0E99266316.jpg\" class=\"attachment-blog-image size-blog-image wp-post-image\" alt=\"\" srcset=\"https:\/\/www.poledancehalle.de\/ariaarte\/wp-content\/uploads\/2014\/10\/69AD60D5-D347-4D51-AB7F-DE0E99266316.jpg 600w, https:\/\/www.poledancehalle.de\/ariaarte\/wp-content\/uploads\/2014\/10\/69AD60D5-D347-4D51-AB7F-DE0E99266316-300x175.jpg 300w, https:\/\/www.poledancehalle.de\/ariaarte\/wp-content\/uploads\/2014\/10\/69AD60D5-D347-4D51-AB7F-DE0E99266316-86x50.jpg 86w, https:\/\/www.poledancehalle.de\/ariaarte\/wp-content\/uploads\/2014\/10\/69AD60D5-D347-4D51-AB7F-DE0E99266316-137x80.jpg 137w\" sizes=\"(max-width: 600px) 100vw, 600px\" \/><\/div><div class=\"blog-content\"><div class=\"post-content\"><h5>Stretching<\/h5>Mit k\u00f6rperschonenden, yogainspirierten \u00dcbungen steigern wir deine Kraft und Beweglichkeit. Stretching hilft dir nicht nur deine Spagat und Flexibility Tricks an der Pole schneller zu erreichen, es verringert auch dein Verletzungsrisiko beim Training.<\/div><\/div><div class=\"clear\"><\/div><\/div><\/div><div class=\"row blogs-exerpt\"><div class=\"post animated visible blogexerpt \"  data-animation-delay=\"100\" data-animation=\"fadeInLeft\"><div class=\"blog-image\"><img decoding=\"async\" width=\"600\" height=\"350\" src=\"https:\/\/www.poledancehalle.de\/ariaarte\/wp-content\/uploads\/2016\/01\/4P6A8480.jpg\" class=\"attachment-blog-image size-blog-image wp-post-image\" alt=\"\" srcset=\"https:\/\/www.poledancehalle.de\/ariaarte\/wp-content\/uploads\/2016\/01\/4P6A8480.jpg 600w, https:\/\/www.poledancehalle.de\/ariaarte\/wp-content\/uploads\/2016\/01\/4P6A8480-300x175.jpg 300w, https:\/\/www.poledancehalle.de\/ariaarte\/wp-content\/uploads\/2016\/01\/4P6A8480-86x50.jpg 86w, https:\/\/www.poledancehalle.de\/ariaarte\/wp-content\/uploads\/2016\/01\/4P6A8480-137x80.jpg 137w\" sizes=\"(max-width: 600px) 100vw, 600px\" \/><\/div><div class=\"blog-content\"><div class=\"post-content\"><h5>Body Power<\/h5>Du m\u00f6chtest fit werden oder schneller Erfolge an der Pole, am Hoop oder Silk sehen? Mit diesem Kurs werden deine Lieblingstricks bald leichter werden. Langweiliges Krafttraining ad\u00e9. Im Body Power Kurs bringst du nicht nur deine Muskeln zum Gl\u00fchen, sondern machst das auch noch mit eleganten Bewegungen.<\/div><\/div><div class=\"clear\"><\/div><\/div><\/div>\n<h1 class=\"section_heading fxbigheader\">Deine erste Stunde im aria arte<\/h1>\n<h3 class=\"section_slogan\"><strong>Gibt es Voraussetzungen?<\/strong><br \/>\nNein. Das Sch\u00f6ne an Pole Dance ist, dass es v\u00f6llig egal ist, wie fit du bist und ob du zuvor jemals regelm\u00e4\u00dfig Sport getrieben hast. Wenn du Lust hast, es einfach mal auszuprobieren, dann hast du schon alle Voraussetzungen erf\u00fcllt. Gemeinsam bauen wir mit jeder Trainingsstunde mehr Kraft auf, verbessern deine K\u00f6rperhaltung und -spannung. Du wirst sehen, wie Pole Dance deinen K\u00f6rper und dein Selbstbewusstsein st\u00e4rkt &#8211; und wieviel Spa\u00df Sport machen kann.<\/p>\n<div class=\"fxSpacer\"><\/div>\n<p><strong>Wie l\u00e4uft eine Probestunde ab?<\/strong><\/p>\n<p>Eine Probestunde ist \u00e4hnlich aufgebaut wie alle unsere Kurse und besteht aus einer Erw\u00e4rmung, dem Hauptteil und dem abschlie\u00dfenden Dehnen. Wir starten mit einem gemeinsamen Warm-Up, um unsere Muskeln aufzuw\u00e4rmen und uns auf den Hauptteil vorzubereiten. Dann beginnen wir mit den ersten Schritten an der Pole und du lernst einfache Figuren und Drehungen. Schon in der ersten Stunde setzen wir die Elemente zu einer kleinen Kombination zusammen. Abschlie\u00dfend dehnen wir die beanspruchten Muskeln im Cool-Down. Komm vorbei und schau es dir einfach mal an. Pole Dance ist Spa\u00df pur!<\/p>\n<div class=\"fxSpacer\"><\/div>\n<p><strong>Was sollte ich anziehen bzw. mitbringen?<\/strong><\/p>\n<p>Zieh dir einfach bequeme Sportsachen an (ohne Metall: also ohne Rei\u00dfverschl\u00fcsse, Kn\u00f6pfe, \u00d6sen und \u00c4hnliches), bringe dazu auch gerne schon eine kurze Sporthose mit. Schuhe brauchst du nicht, da wir barfu\u00df tanzen. Bitte lege vor dem Training bitte s\u00e4mtlichen Schmuck ab. Wenn es geht, dann creme dich an dem Tag nicht ein, dann hast du einen besseren Halt. Bring au\u00dferdem ein Handtuch sowie (wenn m\u00f6glich) ein kleines Mikrofasertuch mit. Getr\u00e4nke brauchst du nicht, wir haben Wasser und Tee f\u00fcr dich da.<\/p>\n<div class=\"fxSpacer\"><\/div>\n<p><strong>Wie bezahle ich die Probestunde?<\/strong><br \/>\nDie Stunde kannst du direkt vor Ort bei uns in bar oder mit Karte (15\u20ac) bezahlen.<br \/>\nSowie direkt bei deiner online Buchung mit Kreditkarte.<\/p>\n<div class=\"fxSpacer\"><\/div>\n<p><strong>Wie melde ich mich f\u00fcr einen Kurs an?<\/strong><\/p>\n<p>Eine Probestunde im Basic Kurs kannst du weiter oben direkt unter dem Kursplan online buchen oder du schreibst uns einfach per <a href=\"tel:+4917631621516\" target=\"_blank\" rel=\"noopener noreferrer\" data-rel=\"external\">SMS<\/a>, <a href=\"tel:+4917631621516\" target=\"_blank\" rel=\"noopener noreferrer\" data-rel=\"external\">WhatsApp<\/a> oder <a href=\"mailto:info@aria-arte.de\">E-Mail<\/a>. Bei der Gelegenheit beantworten wir dir auch gern gleich noch deine weiteren Fragen.<\/p>\n<p>Solltest du so neugierig sein, dass du es kaum abwarten kannst, dann schaue in unserem <a href=\"https:\/\/backoffice.bsport.io\/m\/aria%20arte\/3778\/\" target=\"_blank\" rel=\"noopener noreferrer\">Online-Kurssystem<\/a> vorbei. Alle Probestunden finden in unseren &#8222;Pole Basic&#8220; Kursen statt.<\/p>\n<p>Melde dich ganz bequem und flexibel \u00fcber unser Online-Kurssystem an. Mit unserer aria arte App f\u00fcr dein Smartphone hast du \u00fcberall und jederzeit alle Kurse im Blick und meldest dich dar\u00fcber entspannt f\u00fcr deine Kurse an &#8211; oder wieder ab, falls bei dir mal etwas dazwischen kommt.<\/p>\n<div class=\"fxSpacer\"><\/div>\n<p><strong>Wie komme ich am besten zum Studio?<\/strong><\/p>\n<p>Du findest uns im Herzen von Halle. Direkt zwischen Biorio und Sham und gegen\u00fcber von Ann Christine. Du erreichst uns am besten mit der Stra\u00dfenbahn &#8211; die n\u00e4chste Haltestelle hei\u00dft &#8222;Neues Theater&#8220;. Doch auch vom Marktplatz aus bist du innerhalb von drei Minuten zu Fu\u00df bei uns. Dein Fahrrad kannst du direkt vor dem Neuen Theater bzw nt Caf\u00e9 anschlie\u00dfen.<br \/>\nSolltest du mit dem Auto kommen, empfehlen wir dir, im H\u00e4ndelhaus Karree (Tiefgarage) oder am Friedemann-Bach-Platz zu parken.<\/p>\n<div class=\"fxSpacer\"><\/div>\n<p><strong>Ich kann meine Probestunde kaum erwarten \u2013 wie kriege ich nur die Zeit bis dahin rum? <\/strong><br \/>\nSt\u00f6ber doch durch unseren Instagram-Account <a href=\"https:\/\/www.instagram.com\/ariaarte_poledancehalle\/\" target=\"_blank\" rel=\"noopener noreferrer\">@ariaarte_poledancehalle<\/a> und lass dich schon mal inspirieren. \ud83d\ude00<\/p>\n<div class=\"fxSpacer\"><\/div>\n<p><strong>Du hast noch mehr Fragen? <\/strong><br \/>\nSchicke uns gern deine Fragen per WhatsApp:<\/p>\n<div class=\"fxNewsletterBox\"><a class=\"fxNewsletterButton\" href=\"https:\/\/wa.me\/4917631621516\">WhatsApp \u00bb<\/a><\/div>\n<\/h3>\n","protected":false},"excerpt":{"rendered":"<p>Dein aktueller Kursplan Du bist neugierig auf Pole Dance und Hoop? Lerne die Grundlagen f\u00fcr dein Superheldinnen-Training in unseren Basic-Kursen, bevor du bei uns Level f\u00fcr Level nach oben steigst. Melde dich direkt online an unter kurse.ariaarte.com. Hier findest du auch deinen aktuellen Kursplan: Deine aria arte-Kursvielfalt Deine erste Stunde im aria arte Gibt es Voraussetzungen? Nein. Das Sch\u00f6ne an Pole Dance ist, dass es v\u00f6llig egal ist, wie fit du bist und ob du zuvor jemals regelm\u00e4\u00dfig Sport getrieben hast. Wenn du Lust hast, es einfach mal auszuprobieren, dann hast du schon alle Voraussetzungen erf\u00fcllt. Gemeinsam bauen wir mit&#8230;<\/p>\n","protected":false},"author":1,"featured_media":0,"parent":0,"menu_order":5,"comment_status":"open","ping_status":"open","template":"","meta":{"footnotes":""},"class_list":["post-35","page","type-page","status-publish","hentry"],"_links":{"self":[{"href":"https:\/\/www.poledancehalle.de\/ariaarte\/wp-json\/wp\/v2\/pages\/35","targetHints":{"allow":["GET"]}}],"collection":[{"href":"https:\/\/www.poledancehalle.de\/ariaarte\/wp-json\/wp\/v2\/pages"}],"about":[{"href":"https:\/\/www.poledancehalle.de\/ariaarte\/wp-json\/wp\/v2\/types\/page"}],"author":[{"embeddable":true,"href":"https:\/\/www.poledancehalle.de\/ariaarte\/wp-json\/wp\/v2\/users\/1"}],"replies":[{"embeddable":true,"href":"https:\/\/www.poledancehalle.de\/ariaarte\/wp-json\/wp\/v2\/comments?post=35"}],"version-history":[{"count":56,"href":"https:\/\/www.poledancehalle.de\/ariaarte\/wp-json\/wp\/v2\/pages\/35\/revisions"}],"predecessor-version":[{"id":5187,"href":"https:\/\/www.poledancehalle.de\/ariaarte\/wp-json\/wp\/v2\/pages\/35\/revisions\/5187"}],"wp:attachment":[{"href":"https:\/\/www.poledancehalle.de\/ariaarte\/wp-json\/wp\/v2\/media?parent=35"}],"curies":[{"name":"wp","href":"https:\/\/api.w.org\/{rel}","templated":true}]}}